{"id":1056,"date":"2021-09-25T05:30:15","date_gmt":"2021-09-25T05:30:15","guid":{"rendered":"http:\/\/weboz.info\/paginasdemo\/?page_id=1056"},"modified":"2021-09-25T05:30:15","modified_gmt":"2021-09-25T05:30:15","slug":"registration","status":"publish","type":"page","link":"https:\/\/weboz.info\/paginasdemo\/?page_id=1056","title":{"rendered":"User Registration"},"content":{"rendered":"\n<div class=\"registration-style\">\n<div class=\"row\">\n\n\t<div id=\"iv-form3\" class=\"col-md-12\">\n\t\t\t\t\n\t\t\t\t<form id=\"iv_directories_registration\" name=\"iv_directories_registration\" class=\"form-horizontal\" action=\"https:\/\/weboz.info\/paginasdemo\/?page_id=1056?package_id=&payment_gateway=paypal&iv-submit-listing=register\" method=\"post\" role=\"form\">\n\t\t\n\t\t\t\n\t\t\n\t\t\t\t\t \n\t\t\t<div class=\"content\"> \n\t\t\t<h3  class=\"form-title\">Informa\u00e7\u00e3o do Usu\u00e1rio<\/h3>\n\t\t\t\t\t  \n\t\t\t<div class=\"form-content\">\n\t\t\n\t\t\t<div class=\"row\">\t\n\t\t\t\t  \n           \n          <div class=\"col-md-12\"> \n\t\t\t\t\t\t\t\t\t\t\t\n\t<!--  \n\t\tFor Form Validation we used plugins http:\/\/formvalidator.net\/index.html#reg-form  \n\t\tThis is in line validation so you can add fields easily. \t\n\t-->\n\n\t\t\t\t\n\t\t\t\t<div>\n\t\t\t\t\t\t<div id=\"selected-column-1\" class=\" \">\n\t\t\t\t\t\t<div class=\"text-center\" id=\"loading\"> <\/div>\n\t\t\t\t\t\t<div class=\"form-group row\"  >\t\t\t\t\t\t\t\t\t\n\t\t\t\t\t\t<label  class=\"col-md-3 control-label\">Nome <span class=\"chili\"><\/span><\/label>\n\t\t\t\t\t\t<div class=\"col-md-9\">\n\t\t\t\t\t\t\t<input type=\"text\"  name=\"iv_member_user_name\"  data-validation=\"length alphanumeric\" \ndata-validation-length=\"4-12\" data-validation-error-msg=\" O Utilizador tem que ser alfanum\u00e9rico com 4-12 caracteres\" class=\"form-control ctrl-textbox\" placeholder=\"Introduza Nome do Utilizador\"  >\n\n\t\t\t\t\t\t<\/div>\n\t\t\t\t\t<\/div>\n\t\t\t\t\t<div class=\"form-group row\">\t\t\t\t\t\t\t\t\t\n\t\t\t\t\t\t<label  class=\"col-md-3 control-label\" >E-mail<span class=\"chili\"><\/span><\/label>\n\t\t\t\t\t\t<div class=\"col-md-9\">\n\t\t\t\t\t\t\t<input type=\"email\" name=\"iv_member_email\" data-validation=\"email\"  class=\"form-control ctrl-textbox\" placeholder=\"Introduza Endere\u00e7o de e-mail\" data-validation-error-msg=\"Por favor introduza um endere\u00e7o de e-mail  v\u00e1lido \" >\n\t\t\t\t\t\t<\/div>\n\t\t\t\t\t<\/div>\n\t\t\t\t\t<div class=\"form-group row \">\t\t\t\t\t\t\t\t\t\n\t\t\t\t\t\t<label  class=\"col-md-3 control-label\">Password<span class=\"chili\"><\/span><\/label>\n\t\t\t\t\t\t<div class=\"col-md-9\">\n\t\t\t\t\t\t\t<input type=\"password\" name=\"iv_member_password\"  class=\"form-control ctrl-textbox\" placeholder=\"\" data-validation=\"strength\" \n\t\t data-validation-strength=\"2\">\n\t\t\t\t\t\t<\/div>\n\t\t\t\t\t<\/div>\n\t\t\t\t\t\t\t\t\t\t<\/div>\t\t\t\t\t\t\t\n\t\t\t\t\t<\/div>\t\n\t\t\t\t\t\t\n\t\t\t\t\t\t\t\t\t\t\t\t\t\t\t\t\t\n\t\t\t\t\t<input type=\"hidden\" name=\"hidden_form_name\" id=\"hidden_form_name\" value=\"iv_directories_registration\">\n\t\t\t\t\t\t\n\n              <\/div>\n         <\/div>\n         <\/div>\n\t\t\t<\/div>\t\n\t\t <br\/>\n\t\t \n\t\t\n\t\t\t<div class=\"content\">\n            \n\t\t\t\t\t<h3 class=\"form-title\">Informa\u00e7\u00e3o para pagamento<\/h3>\n           \n\t\t\t\t\t<div class=\"col-md-12\">\n\t\t\t\t\t\t<div class=\"form-content\">\n\t\t\t\t\t\t\t\t\t\t\t\t\t\t\t\t\t<div class=\"row form-group\">\n\t\t\t\t\t\t\t\t\t\t<label  class=\"col-md-3 control-label\">Pacote1<\/label>\n\t\t\t\t\t\t\t\t\t\t<div class=\"col-md-9\"> \t\t\t\t\t\t\t\t\t\t\t\t\t\t\t\t\t\t\t\t\n\t\t\t\t\t\t\t\t\t\t\t<select name=\"package_sel\" id =\"package_sel\" class=\" form-control\"><option value=\"650\" >Prata<\/option><option value=\"651\" >Ouro<\/option><\/select>\t\t\t\t\t\t\t\t\t\n\t\t\t\t\t\t\t\t\t\t\t\t\t\t\t\t\t\t\t\t\t\t\t\t<\/div>\n\t\t\t\t\t\t\t\t\t\t\n\t\t\t\t\t\t\t\t\t\t<\/div>\n\t\t\t\t\t\t\t<div class=\"row form-group\">\n\t\t\t\t\t\t\t\t<label  class=\"col-md-3 control-label\">Valor<\/label>\n\t\t\t\t\t\t\t\t\n\t\t\t\t\t\t\t\t\n\t\t\t\t\t\t\t\t<div class=\"col-md-9\" id=\"p_amount\"> <label class=\"control-label\"> BRL <\/label>\n\t\t\t\t\t\t\t\t<\/div>\t\t\t\t\t\t\t\t\t\t\n\t\t\t\t\t\t\t<\/div>\n\t\t\t\t\t\t\t\t\t\t\t\t\t\t\t\t\t\t\t\t\t<div class=\"row form-group\">\n\t\t\t\t\t\t\t\t<label  class=\"col-md-3 control-label\">Total<\/label>\t\t\t\t\t\t\t\t\t\t\t\t\n\t\t\t\t\t\t\t\t\t\t\t\t\t\t\t\t\t\t\t\t\n\t\t\t\t\t\t\t\t<div class=\"col-md-9\" id=\"total\"><label class=\"control-label\">  0BRL<\/label>\n\t\t\t\t\t\t\t\t<\/div>\t\t\t\t\t\t\t\t\t\t\n\t\t\t\t\t\t\t<\/div>\n\t\t\t\t\t\t\t\n\t\t\t\t\t\t\t\t\n\t\t\t\t\t\t\t\t<input type=\"hidden\" name=\"reg_error\" id=\"reg_error\" value=\"yes\">\n\t\t\t\t\t\t\t\t<input type=\"hidden\" name=\"package_id\" id=\"package_id\" value=\"650\">\t\n\t\t\t\t\t\t\t\t\n\t\t\t\t\t\t\t\t<input type=\"hidden\" name=\"return_page\" id=\"return_page\" value=\"https:\/\/weboz.info\/paginasdemo\/?page_id=1056\">\n\t\t\t\t\t\t\t\t\t\t\t\t\t\t\t\n\t\t\t\t\t\t\t\t<div class=\"row\">\n\t\t\t\t\t\t\t\t\t<div class=\"col-md-3 \"> \n\t\t\t\t\t\t\t\t\t<\/div>\n\t\t\t\t\t\t\t\t\t\t\t<div class=\"col-md-9 term-condition\"> \n\t\t\t\t\t\t\t\t\t\t<label>\n\t\t\t\t\t\t\t\t\t\t  <input type=\"checkbox\" data-validation=\"required\" \n\t\t data-validation-error-msg=\"Tem que aceitar Termos e Condi\u00e7\u00f5es \"  name=\"check_terms\" id=\"check_terms\">  I have read & accept the <a href=\"#\" target=\"_blank\"> Terms & Conditions<\/a>\t\t\t\t\t\t\t\t\t\t<\/label>\n\t\t\t\t\t\t\t\t\t\t\n\t\t\t\t\t\t\t\t\t\t      \n\t\t\t\t\t\t\t\t\t  <\/div>\t\t\t\t\t\t\t\t\t\n\t\t\t\t\t\t\t\t<\/div>\n\t\t\t\t\t\t\t\t\t\t\t\t\t\t\t\t\t\t\t\t\n\t\t\t\t\t\t\t\t\t\n\t\t\t\t\t\t\t\t\t\t\t\t\t\t\t\t\t\n\t\t\t\t\t\t<div class=\"row\">\n\t\t\t\t\t\t\t<div class=\"col-md-3 \"> \n\t\t\t\t\t\t\t<\/div>\n\t\t\t\t\t\t\t<div class=\"col-md-9 \"> \n\t\t\t\t\t\t\t\n\t\t\t\t\t\t\t<div id=\"paypal-button\">\n\t\t\t\t\t\t\t\t\t\t\t\t\t\t\t\t\t<div id=\"loading-3\" style=\"display: none;\"><img src='https:\/\/weboz.info\/paginasdemo\/wp-content\/themes\/medical-directory\/medical-directory\/framework\/hospital-doctor-directory\/admin\/files\/images\/loader.gif' \/><\/div>\n\t\t\t\t\t\t\t\t<button  id=\"submit_iv_directories_payment\" name=\"submit_iv_directories_payment\" type=\"submit\" class=\"btn-new btn-custom ctrl-btn\"  >Submit  <\/button>\n\t\t\t\t\t\t\t\t\n\t\t\t\t\t\t\t\t\t\t\t\t\t\t\t\t\n\t\t\t\t\t\t\t<\/div>\t\n\t\t\t\t\t\t\t\n\t\t\t\t\t\t\t<\/div>\t\t\t\t\t\t\t\t\t\t\n\t\t\t\t\t\t<\/div>\t\t\n\t\t\t\t\t\t\n\t\t\t\t\t\t\n\t\n\t\n\t\t\t\t\t\t<\/div>\t\t\n\t\t\t\t\t<\/div>\t\n\t\t\t\t\n\t\t\t\t\t\n\t\t\t\t<\/div>\t\n\t\t\n\t\t<\/form>\n\t\t<div style=\"display: none;\">\n\t\t\t<img src='https:\/\/weboz.info\/paginasdemo\/wp-content\/themes\/medical-directory\/medical-directory\/framework\/hospital-doctor-directory\/admin\/files\/images\/loader.gif' \/>\n\t\t<\/div>\n\t<\/div>\n\t<\/div>\n<\/div>\n\n \n\n<div id=\"themify_builder_content-1056\" data-postid=\"1056\" class=\"themify_builder_content themify_builder_content-1056 themify_builder themify_builder_front\">\n\t<\/div>\n<!-- \/themify_builder_content -->","protected":false},"excerpt":{"rendered":"","protected":false},"author":1,"featured_media":0,"parent":0,"menu_order":0,"comment_status":"closed","ping_status":"closed","template":"templates\/full-width-page.php","meta":[],"_links":{"self":[{"href":"https:\/\/weboz.info\/paginasdemo\/index.php?rest_route=\/wp\/v2\/pages\/1056"}],"collection":[{"href":"https:\/\/weboz.info\/paginasdemo\/index.php?rest_route=\/wp\/v2\/pages"}],"about":[{"href":"https:\/\/weboz.info\/paginasdemo\/index.php?rest_route=\/wp\/v2\/types\/page"}],"author":[{"embeddable":true,"href":"https:\/\/weboz.info\/paginasdemo\/index.php?rest_route=\/wp\/v2\/users\/1"}],"replies":[{"embeddable":true,"href":"https:\/\/weboz.info\/paginasdemo\/index.php?rest_route=%2Fwp%2Fv2%2Fcomments&post=1056"}],"version-history":[{"count":0,"href":"https:\/\/weboz.info\/paginasdemo\/index.php?rest_route=\/wp\/v2\/pages\/1056\/revisions"}],"wp:attachment":[{"href":"https:\/\/weboz.info\/paginasdemo\/index.php?rest_route=%2Fwp%2Fv2%2Fmedia&parent=1056"}],"curies":[{"name":"wp","href":"https:\/\/api.w.org\/{rel}","templated":true}]}}