{"id":1057,"date":"2021-09-25T05:30:15","date_gmt":"2021-09-25T05:30:15","guid":{"rendered":"http:\/\/weboz.info\/paginasdemo\/?page_id=1057"},"modified":"2021-09-25T05:30:15","modified_gmt":"2021-09-25T05:30:15","slug":"my-account","status":"publish","type":"page","link":"https:\/\/weboz.info\/paginasdemo\/?page_id=1057","title":{"rendered":"My Account"},"content":{"rendered":"  <div id=\"login-2\" class=\"bootstrap-wrapper\">\n   <div class=\"menu-toggler sidebar-toggler\">\n   <\/div>\n   <!-- END SIDEBAR TOGGLER BUTTON -->\n   <!-- BEGIN LOGO -->\n\n   <!-- END LOGO -->\n   <!-- BEGIN LOGIN -->\n   <div class=\"content\">\n    <!-- BEGIN LOGIN FORM -->\n    <form id=\"login_form\" class=\"login-form\" action=\"\" method=\"post\">\n      <h3 class=\"form-title\">Sign In<\/h3>\n      <div class=\"form-content\">\n        <div class=\"display-hide\" id=\"error_message\">\n\n        <\/div>\n        <div class=\"form-group\">\n          <!--ie8, ie9 does not support html5 placeholder, so we just show field title for that-->\n          <div class=\"row\">\n            <div class=\"col-md-3 col-sm-4\">\n              <label class=\"control-label visible-ie8 visible-ie9\">Username:<\/label>\n            <\/div>\n            <div class=\"col-md-9 col-sm-8\">\n                <input class=\" placeholder-no-fix\" type=\"text\" autocomplete=\"off\" placeholder=\"Username\" name=\"username\" id=\"username\"\/>\n            <\/div>\n\n          <\/div>\n        <\/div>\n        <div class=\"form-group\">\n          <div class=\"row\">\n            <div class=\"col-md-3 col-sm-4\">\n              <label class=\"control-label visible-ie8 visible-ie9\">Password:<\/label>\n\n            <\/div>\n            <div class=\"col-md-9 col-sm-8\">\n              <input class=\" placeholder-no-fix\" type=\"password\" autocomplete=\"off\" placeholder=\"Password\" name=\"password\" id=\"password\"\/>\n            <\/div>\n\n          <\/div>\n        <\/div>\n        <div class=\"form-actions row\">\n        <div class=\"col-md-3\"><\/div>\n        <div class=\"col-md-3 col-sm-4 col-xs-4\">\n          <button type=\"button\" class=\"btn-new btn-custom\" onclick=\"return chack_login();\" >Submeter<\/button>\n        <\/div>\n        <p class=\"margin-20 para col-md-3 col-sm-4 col-xs-4 text-right\">\n          <input type=\"checkbox\" id=\"test2\" checked=\"checked\" \/>\n          <label for=\"test2\">Lembrar <\/label>\n        <\/p>\n          <p class=\"margin-20 para col-md-3 col-sm-4 col-xs-4 text-right\">\n            <a href=\"javascript:;\" class=\"forgot-link\">Esqueceu a Password? <\/a>\n          <\/p>\n        <\/div>\n\n      <\/div>\n\t\t   \n      <div class=\"create-account\">\n            <p>Voc\u00ea \u00e9 um novo usu\u00e1rio?<a  href=\"https:\/\/weboz.info\/paginasdemo\/?page_id=1055\" id=\"register-btn\" class=\"\">Criar nova conta  <\/a>\n            <\/p>\n      <\/div>\n    <\/form>\n    <!-- END LOGIN FORM -->\n    <!-- BEGIN FORGOT PASSWORD FORM -->\n    <form id=\"forget-password\" name=\"forget-password\" class=\"forget-form\" action=\"\" method=\"post\" >\n      <h3>Esqueceu a password?  <\/h3>\n      <div class=\"form-content\">\n\t\t\t<div id=\"forget_message\">\n          <\/div>\n          <div class=\"form-group\">\n            <input class=\" placeholder-no-fix\" type=\"text\"  placeholder=\"Email\" name=\"forget_email\" id=\"forget_email\"\/>\n          <\/div>\n          <div class=\"\">\n            <button type=\"button\" id=\"back-btn\" class=\"btn-new btn-warning margin-b-30\">Voltar <\/button>\n            <button type=\"button\" onclick=\"return forget_pass1();\"  class=\"btn-new btn-custom pull-right margin-b-30\">Submeter <\/button>\n          <\/div>\n      <\/div>\n    <\/form>\n    <\/div>\n    <\/div>\n\t<script>\n\tfunction  forget_pass1(){\n\t\t\t\t\n\t\t\tvar ajaxurl = HDAjax.ajaxurl;\n\t\t\tvar loader_image = \"<img src='\"+HDAjax.loading_image+\"'\/>\";\n\t\t\t\n\t\t\t\tjQuery('#forget_message').html(loader_image);\n\t\t\t\tvar search_params={\n\t\t\t\t\t\"action\"  : \t\"iv_directories_forget_password\",\t\n\t\t\t\t\t\"form_data\":\tjQuery(\"#forget-password\").serialize(), \n\t\t\t\t};\n\t\t\t\tvar femail = jQuery('#forget_email').val();\n\t\t\t\t\n\t\t\t\tif( femail!=\"\" ){\n\t\t\t\tjQuery.ajax({\t\t\t\t\t\n\t\t\t\t\turl : ajaxurl,\t\t\t\t\t \n\t\t\t\t\tdataType : \"json\",\n\t\t\t\t\ttype : \"post\",\n\t\t\t\t\tdata : search_params,\n\t\t\t\t\tsuccess : function(response){\n\t\t\t\t\t\tif(response.code=='success'){\n\t\t\t\t\t\t\t\/\/ redirect\t\t\t\t\t\t\t\n\t\t\t\t\t\t\tjQuery('#forget_message').html('<div class=\"alert alert-success alert-dismissable\"><a class=\"panel-close close\" data-dismiss=\"alert\">x<\/a>Password Enviada. Por favor verifique seu email. <\/div>' );\n\t\t\t\t\t\t}else{\n\t\t\t\t\t\t\tjQuery('#forget_message').html('<div class=\"alert alert-info alert-dismissable\"><a class=\"panel-close close\" data-dismiss=\"alert\">x<\/a>'+response.msg+'<\/div>' );\n\t\t\t\t\t\t}\n\t\t\t\t\t\t\n\t\t\t\t\t\t\n\t\t\t\t\t}\n\t\t\t\t});\n\t\t\t}else{\n\t\t\t\t\n\t\t\t\tjQuery('#forget_message').html('<div class=\"alert alert-info alert-dismissable\"><a class=\"panel-close close\" data-dismiss=\"alert\">x<\/a>Digite o endere\u00e7o de e-mail<\/div>' );\n\t\t\t}\t\n\t}\n\t<\/script>\n \n\n<div id=\"themify_builder_content-1057\" data-postid=\"1057\" class=\"themify_builder_content themify_builder_content-1057 themify_builder themify_builder_front\">\n\t<\/div>\n<!-- \/themify_builder_content -->","protected":false},"excerpt":{"rendered":"","protected":false},"author":1,"featured_media":0,"parent":0,"menu_order":0,"comment_status":"closed","ping_status":"closed","template":"templates\/full-width-page.php","meta":[],"_links":{"self":[{"href":"https:\/\/weboz.info\/paginasdemo\/index.php?rest_route=\/wp\/v2\/pages\/1057"}],"collection":[{"href":"https:\/\/weboz.info\/paginasdemo\/index.php?rest_route=\/wp\/v2\/pages"}],"about":[{"href":"https:\/\/weboz.info\/paginasdemo\/index.php?rest_route=\/wp\/v2\/types\/page"}],"author":[{"embeddable":true,"href":"https:\/\/weboz.info\/paginasdemo\/index.php?rest_route=\/wp\/v2\/users\/1"}],"replies":[{"embeddable":true,"href":"https:\/\/weboz.info\/paginasdemo\/index.php?rest_route=%2Fwp%2Fv2%2Fcomments&post=1057"}],"version-history":[{"count":0,"href":"https:\/\/weboz.info\/paginasdemo\/index.php?rest_route=\/wp\/v2\/pages\/1057\/revisions"}],"wp:attachment":[{"href":"https:\/\/weboz.info\/paginasdemo\/index.php?rest_route=%2Fwp%2Fv2%2Fmedia&parent=1057"}],"curies":[{"name":"wp","href":"https:\/\/api.w.org\/{rel}","templated":true}]}}